{"id":7431,"date":"2021-09-08T23:59:03","date_gmt":"2021-09-08T23:59:03","guid":{"rendered":"http:\/\/www.hercruz.com\/?post_type=product&#038;p=7431"},"modified":"2025-01-11T13:44:25","modified_gmt":"2025-01-11T13:44:25","slug":"ws-8023-banco-de-trabajo-movil","status":"publish","type":"product","link":"https:\/\/www.hercruz.com\/index.php\/product\/ws-8023-banco-de-trabajo-movil\/","title":{"rendered":"WS-8023 BANCO DE TRABAJO M\u00d3VIL"},"content":{"rendered":"<p>5 Cajones y 1 armario.<br \/>\nCarro de trabajo m\u00f3vil de acero soldado de alta calidad y recubierto con polvo electrost\u00e1tico. Cinco cajones y un armario. Sistema central de cierre centralizado de dos llaves. Com\u00fanmente usado en servicios automovil\u00edsticos para el almacenamiento de equipamiento y herramientas. Anchura: 1.120 mm Profundidad: 570 mm \/ Altura: 755 mm \/ Altura ruedas: 160 mm \/ Dos ruedas fijas, una m\u00f3vil y una rueda con freno de 125 mm de di\u00e1metro.<\/p>\n","protected":false},"excerpt":{"rendered":"<table style=\"border-collapse: collapse; width: 120pt;\" border=\"0\" width=\"160\" cellspacing=\"0\" cellpadding=\"0\">\n<tbody>\n<tr style=\"height: 15.75pt;\">\n<td class=\"xl65\" style=\"height: 15.75pt; width: 60pt;\" width=\"80\" height=\"21\">Referencia<\/td>\n<td class=\"xl65\" style=\"border-left: none; width: 60pt;\" width=\"80\">Precio<\/td>\n<\/tr>\n<tr style=\"height: 16.5pt;\">\n<td class=\"xl63\" style=\"height: 16.5pt; width: 60pt;\" width=\"80\" height=\"22\">WS-8023<\/td>\n<td class=\"xl64\" style=\"border-left: none; width: 60pt;\" width=\"80\">888,00\u20ac<\/td>\n<\/tr>\n<\/tbody>\n<\/table>\n","protected":false},"featured_media":7432,"comment_status":"open","ping_status":"closed","template":"","meta":{"_editorskit_title_hidden":false,"_editorskit_reading_time":0,"_editorskit_is_block_options_detached":false,"_editorskit_block_options_position":"{}"},"product_cat":[33],"product_tag":[],"class_list":["post-7431","product","type-product","status-publish","has-post-thumbnail","hentry","product_cat-almacenaje","entry"],"jetpack_sharing_enabled":true,"_links":{"self":[{"href":"https:\/\/www.hercruz.com\/index.php\/wp-json\/wp\/v2\/product\/7431","targetHints":{"allow":["GET"]}}],"collection":[{"href":"https:\/\/www.hercruz.com\/index.php\/wp-json\/wp\/v2\/product"}],"about":[{"href":"https:\/\/www.hercruz.com\/index.php\/wp-json\/wp\/v2\/types\/product"}],"replies":[{"embeddable":true,"href":"https:\/\/www.hercruz.com\/index.php\/wp-json\/wp\/v2\/comments?post=7431"}],"wp:featuredmedia":[{"embeddable":true,"href":"https:\/\/www.hercruz.com\/index.php\/wp-json\/wp\/v2\/media\/7432"}],"wp:attachment":[{"href":"https:\/\/www.hercruz.com\/index.php\/wp-json\/wp\/v2\/media?parent=7431"}],"wp:term":[{"taxonomy":"product_cat","embeddable":true,"href":"https:\/\/www.hercruz.com\/index.php\/wp-json\/wp\/v2\/product_cat?post=7431"},{"taxonomy":"product_tag","embeddable":true,"href":"https:\/\/www.hercruz.com\/index.php\/wp-json\/wp\/v2\/product_tag?post=7431"}],"curies":[{"name":"wp","href":"https:\/\/api.w.org\/{rel}","templated":true}]}}